{"id":318,"date":"2020-01-17T07:57:02","date_gmt":"2020-01-17T07:57:02","guid":{"rendered":"https:\/\/diegoarmin.es\/?page_id=318"},"modified":"2024-12-03T18:46:25","modified_gmt":"2024-12-03T18:46:25","slug":"inicio","status":"publish","type":"page","link":"https:\/\/diegoarmin.es\/en\/","title":{"rendered":"Start"},"content":{"rendered":"<div data-elementor-type=\"wp-page\" data-elementor-id=\"318\" class=\"elementor elementor-318\">\n\t\t\t\t\t\t\t\t\t<section class=\"elementor-section elementor-top-section elementor-element elementor-element-6c9f0d5 elementor-section-full_width elementor-section-height-default elementor-section-height-default\" data-id=\"6c9f0d5\" data-element_type=\"section\">\n\t\t\t\t\t\t<div class=\"elementor-container elementor-column-gap-default\">\n\t\t\t\t\t<div class=\"elementor-column elementor-col-100 elementor-top-column elementor-element elementor-element-13df069\" data-id=\"13df069\" data-element_type=\"column\">\n\t\t\t<div class=\"elementor-widget-wrap elementor-element-populated\">\n\t\t\t\t\t\t\t\t<div class=\"elementor-element elementor-element-38cb374 elementor-widget elementor-widget-text-editor\" data-id=\"38cb374\" data-element_type=\"widget\" data-widget_type=\"text-editor.default\">\n\t\t\t\t<div class=\"elementor-widget-container\">\n\t\t\t\t\t\t\t\t\t\t\t\t\t<\/div>\n\t\t\t\t<\/div>\n\t\t\t\t<div class=\"elementor-element elementor-element-7e6f420 elementor-widget__width-inherit elementor-fixed elementor--h-position-center elementor--v-position-middle elementor-arrows-position-inside elementor-widget elementor-widget-slides\" data-id=\"7e6f420\" data-element_type=\"widget\" data-settings=\"{&quot;navigation&quot;:&quot;arrows&quot;,&quot;autoplay_speed&quot;:10000,&quot;transition&quot;:&quot;fade&quot;,&quot;_position&quot;:&quot;fixed&quot;,&quot;autoplay&quot;:&quot;yes&quot;,&quot;infinite&quot;:&quot;yes&quot;,&quot;transition_speed&quot;:500}\" data-widget_type=\"slides.default\">\n\t\t\t\t<div class=\"elementor-widget-container\">\n\t\t\t\t\t<div class=\"elementor-swiper\">\n\t\t\t<div class=\"elementor-slides-wrapper elementor-main-swiper swiper-container\" dir=\"ltr\" data-animation=\"fadeInUp\">\n\t\t\t\t<div class=\"swiper-wrapper elementor-slides\">\n\t\t\t\t\t\t\t\t\t\t<div class=\"elementor-repeater-item-cf46a9b swiper-slide\"><div class=\"swiper-slide-bg elementor-ken-burns elementor-ken-burns--in\" role=\"img\"><\/div><a class=\"swiper-slide-inner\" href=\"https:\/\/diegoarmin.es\/en\/quien-soy\/\"><div class=\"swiper-slide-contents\"><div class=\"elementor-slide-heading\">diego \u00b7 arm\u00edn<\/div><\/div><\/a><\/div><div class=\"elementor-repeater-item-2776f3a swiper-slide\"><div class=\"swiper-slide-bg elementor-ken-burns elementor-ken-burns--in\" role=\"img\"><\/div><a class=\"swiper-slide-inner\" href=\"https:\/\/diegoarmin.es\/en\/ilustracion\/\"><div class=\"swiper-slide-contents\"><div class=\"elementor-slide-heading\">ilustraci\u00f3n<\/div><\/div><\/a><\/div><div class=\"elementor-repeater-item-db65597 swiper-slide\"><div class=\"swiper-slide-bg elementor-ken-burns elementor-ken-burns--in\" role=\"img\"><\/div><a class=\"swiper-slide-inner\" href=\"https:\/\/diegoarmin.es\/en\/fotografia\/\"><div class=\"swiper-slide-contents\"><div class=\"elementor-slide-heading\">fotograf\u00eda<\/div><\/div><\/a><\/div><div class=\"elementor-repeater-item-b9728a1 swiper-slide\"><div class=\"swiper-slide-bg elementor-ken-burns elementor-ken-burns--in\" role=\"img\"><\/div><a class=\"swiper-slide-inner\" href=\"https:\/\/diegoarmin.es\/en\/video-retrato\/\"><div class=\"swiper-slide-contents\"><div class=\"elementor-slide-heading\">v\u00eddeo-retrato<\/div><\/div><\/a><\/div><div class=\"elementor-repeater-item-a911721 swiper-slide\"><div class=\"swiper-slide-bg elementor-ken-burns elementor-ken-burns--in\" role=\"img\"><\/div><a class=\"swiper-slide-inner\" href=\"https:\/\/diegoarmin.es\/en\/acompanamientos\/\"><div class=\"swiper-slide-contents\"><div class=\"elementor-slide-heading\">acompa\u00f1amientos<\/div><\/div><\/a><\/div><div class=\"elementor-repeater-item-508e7d1 swiper-slide\"><div class=\"swiper-slide-bg elementor-ken-burns elementor-ken-burns--in\" role=\"img\"><\/div><a class=\"swiper-slide-inner\" href=\"https:\/\/diegoarmin.es\/en\/contacto\/\"><div class=\"swiper-slide-contents\"><div class=\"elementor-slide-heading\">contacto<\/div><\/div><\/a><\/div>\t\t\t\t<\/div>\n\t\t\t\t\t\t\t\t\t\t\t\t\t\t\t\t\t\t\t\t<div class=\"elementor-swiper-button elementor-swiper-button-prev\" role=\"button\" tabindex=\"0\">\n\t\t\t\t\t\t\t<i aria-hidden=\"true\" class=\"eicon-chevron-left\"><\/i>\t\t\t\t\t\t\t<span class=\"elementor-screen-only\">Previous slide<\/span>\n\t\t\t\t\t\t<\/div>\n\t\t\t\t\t\t<div class=\"elementor-swiper-button elementor-swiper-button-next\" role=\"button\" tabindex=\"0\">\n\t\t\t\t\t\t\t<i aria-hidden=\"true\" class=\"eicon-chevron-right\"><\/i>\t\t\t\t\t\t\t<span class=\"elementor-screen-only\">Next slide<\/span>\n\t\t\t\t\t\t<\/div>\n\t\t\t\t\t\t\t\t\t\t\t\t<\/div>\n\t\t<\/div>\n\t\t\t\t<\/div>\n\t\t\t\t<\/div>\n\t\t\t\t\t<\/div>\n\t\t<\/div>\n\t\t\t\t\t\t\t<\/div>\n\t\t<\/section>\n\t\t\t\t\t\t\t<\/div>","protected":false},"excerpt":{"rendered":"<p>diego \u00b7 arm\u00ednilustraci\u00f3nfotograf\u00edav\u00eddeo-retratoacompa\u00f1amientoscontacto Previous Next<\/p>","protected":false},"author":1,"featured_media":0,"parent":0,"menu_order":0,"comment_status":"closed","ping_status":"closed","template":"elementor_header_footer","meta":{"footnotes":""},"class_list":["post-318","page","type-page","status-publish","hentry"],"_links":{"self":[{"href":"https:\/\/diegoarmin.es\/en\/wp-json\/wp\/v2\/pages\/318","targetHints":{"allow":["GET"]}}],"collection":[{"href":"https:\/\/diegoarmin.es\/en\/wp-json\/wp\/v2\/pages"}],"about":[{"href":"https:\/\/diegoarmin.es\/en\/wp-json\/wp\/v2\/types\/page"}],"author":[{"embeddable":true,"href":"https:\/\/diegoarmin.es\/en\/wp-json\/wp\/v2\/users\/1"}],"replies":[{"embeddable":true,"href":"https:\/\/diegoarmin.es\/en\/wp-json\/wp\/v2\/comments?post=318"}],"version-history":[{"count":268,"href":"https:\/\/diegoarmin.es\/en\/wp-json\/wp\/v2\/pages\/318\/revisions"}],"predecessor-version":[{"id":3431,"href":"https:\/\/diegoarmin.es\/en\/wp-json\/wp\/v2\/pages\/318\/revisions\/3431"}],"wp:attachment":[{"href":"https:\/\/diegoarmin.es\/en\/wp-json\/wp\/v2\/media?parent=318"}],"curies":[{"name":"wp","href":"https:\/\/api.w.org\/{rel}","templated":true}]}}